{"id":648,"date":"2018-05-09T08:20:37","date_gmt":"2018-05-09T08:20:37","guid":{"rendered":"http:\/\/95751.lamdx.vinawebsite.vn\/?page_id=648"},"modified":"2023-08-16T11:58:43","modified_gmt":"2023-08-16T04:58:43","slug":"https-vuongthanhgroup-com-vn","status":"publish","type":"page","link":"https:\/\/vuongthanhgroup.com.vn\/en\/https-vuongthanhgroup-com-vn\/","title":{"rendered":"Vuong Thanh"},"content":{"rendered":"\n\t<section class=\"section\" id=\"section_903142353\">\n\t\t<div class=\"section-bg fill\" >\n\t\t\t\t\t\t\t\t\t\n\t\t\t\n\n\t\t<\/div>\n\n\t\t\n\n\t\t<div class=\"section-content relative\">\n\t\t\t\n<div class=\"slider-wrapper relative\" id=\"slider-1129546560\" >\n    <div class=\"slider slider-nav-circle slider-nav-large slider-nav-light slider-style-normal\"\n        data-flickity-options='{\n            \"cellAlign\": \"center\",\n            \"imagesLoaded\": true,\n            \"lazyLoad\": 1,\n            \"freeScroll\": false,\n            \"wrapAround\": true,\n            \"autoPlay\": 100000,\n            \"pauseAutoPlayOnHover\" : true,\n            \"prevNextButtons\": true,\n            \"contain\" : true,\n            \"adaptiveHeight\" : true,\n            \"dragThreshold\" : 10,\n            \"percentPosition\": true,\n            \"pageDots\": true,\n            \"rightToLeft\": false,\n            \"draggable\": true,\n            \"selectedAttraction\": 0.1,\n            \"parallax\" : 0,\n            \"friction\": 0.6        }'\n        >\n        \n\n  <div class=\"banner has-hover\" id=\"banner-518736982\">\n          <div class=\"banner-inner fill\">\n        <div class=\"banner-bg fill\" >\n                        \t<div class=\"video-overlay no-click fill\"><\/div>\n\t<div id=\"ytplayer-479\" class=\"ux-youtube fill object-fit visible\" data-videoid=\"BRGEaU1X_1E\" data-loop=\"1\" data-audio=\"1\"><\/div>\n                        \n                    <\/div>\n\t\t\n        <div class=\"banner-layers container\">\n            <div class=\"fill banner-link\"><\/div>            \n        <\/div>\n      <\/div>\n\n            \n<style>\n#banner-518736982 {\n  padding-top: 500px;\n}\n<\/style>\n  <\/div>\n\n\n\t<div class=\"img has-hover x md-x lg-x y md-y lg-y\" id=\"image_1550253471\">\n\t\t\t\t\t\t\t\t<div class=\"img-inner dark\" >\n\t\t\t\t\t\t\t\t\t\n\t\t\t\t\t<\/div>\n\t\t\t\t\t\t\t\t\n<style>\n#image_1550253471 {\n  width: 100%;\n}\n<\/style>\n\t<\/div>\n\t\n\t<div class=\"img has-hover x md-x lg-x y md-y lg-y\" id=\"image_2055752140\">\n\t\t\t\t\t\t\t\t<div class=\"img-inner dark\" >\n\t\t\t\t\t\t\t\t\t\n\t\t\t\t\t<\/div>\n\t\t\t\t\t\t\t\t\n<style>\n#image_2055752140 {\n  width: 100%;\n}\n<\/style>\n\t<\/div>\n\t\n\t<div class=\"img has-hover x md-x lg-x y md-y lg-y\" id=\"image_1428691989\">\n\t\t\t\t\t\t\t\t<div class=\"img-inner dark\" >\n\t\t\t\t\t\t\t\t\t\n\t\t\t\t\t<\/div>\n\t\t\t\t\t\t\t\t\n<style>\n#image_1428691989 {\n  width: 100%;\n}\n<\/style>\n\t<\/div>\n\t\n\t<div class=\"img has-hover x md-x lg-x y md-y lg-y\" id=\"image_194462927\">\n\t\t\t\t\t\t\t\t<div class=\"img-inner dark\" >\n\t\t\t\t\t\t\t\t\t\n\t\t\t\t\t<\/div>\n\t\t\t\t\t\t\t\t\n<style>\n#image_194462927 {\n  width: 100%;\n}\n<\/style>\n\t<\/div>\n\t\n     <\/div>\n\n     <div class=\"loading-spin dark large centered\"><\/div>\n\n\t<\/div>\n\n\n\t\t<\/div>\n\n\t\t\n<style>\n#section_903142353 {\n  padding-top: 0px;\n  padding-bottom: 0px;\n}\n<\/style>\n\t<\/section>\n\t\n<div class=\"row row-collapse row-full-width block_ins\"  id=\"row-852607614\">\n\n\t<div id=\"col-823919098\" class=\"col why_us small-12 large-12\"  >\n\t\t\t\t<div class=\"col-inner\"  >\n\t\t\t\n\t\t\t\n<div class=\"why_content why_1\"><\/div><div class=\"why_content why_2\"><\/div><div class=\"why_content why_3\"><\/div><div class=\"why_content why_4\"><\/div><div class=\"why_content why_5\"><\/div><div class=\"why_hover why_hover_1\"><a href=\"https:\/\/vuongthanhgroup.com.vn\" title=\"Vuong Thanh\"><div class=\"home_title\" style=\"text-decoration: none;\">Vuong Thanh<\/div><\/a><div class=\"subnav\"><h3 class=\"text-center\">About Us<\/h3><ul><li><a href=\"https:\/\/vuongthanhgroup.com.vn\/en\/about-us\/\">About Us<\/a><\/li><li><a href=\"https:\/\/vuongthanhgroup.com.vn\/en\/core-values\/\">Core values<\/a><\/li><li><a href=\"https:\/\/vuongthanhgroup.com.vn\/en\/target\/\">Firneedle<\/a><\/li><li><a href=\"https:\/\/vuongthanhgroup.com.vn\/en\/vision-mission\/\">Vision & mission<\/a><\/li><\/ul><\/div><\/div><div class=\"why_hover why_hover_2\"><a href=\"https:\/\/vuongthanhgroup.com.vn\/bo-san-pham\/\" title=\"Products\"><div class=\"home_title\" style=\"text-decoration: none;\">Products<\/div><\/a><div class=\"subnav\"><h3 class=\"text-center\">Products<\/h3><ul><li><a href=\"https:\/\/vuongthanhgroup.com.vn\/en\/danhmuc_sp\/corrugated-cardboard\/\">Corrugated cardboard<\/a><\/li><li><a href=\"https:\/\/vuongthanhgroup.com.vn\/en\/danhmuc_sp\/surface\/\">Surface<\/a><\/li><li><a href=\"https:\/\/vuongthanhgroup.com.vn\/en\/danhmuc_sp\/mfc-and-other-types-of-board\/\">Fabrication of coated boards<\/a><\/li><li><a href=\"https:\/\/vuongthanhgroup.com.vn\/en\/danhmuc_sp\/accessories\/\">Accessories<\/a><\/li><\/ul><\/div><\/div><div class=\"why_hover why_hover_3\"><a href=\"https:\/\/vuongthanhgroup.com.vn\/en\/category\/catalogue\/\" title=\"Catalogue\"><div class=\"home_title\" style=\"text-decoration: none;\">Catalogue<\/div><\/a><\/div><div class=\"why_hover why_hover_4\"><a href=\"https:\/\/vuongthanhgroup.com.vn\/en\/category\/project\/\" title=\"Project\"><div class=\"home_title\" style=\"text-decoration: none;\">Project<\/div><\/a><\/div><div class=\"why_hover why_hover_5\"><a href=\"https:\/\/vuongthanhgroup.com.vn\/en\/category\/news\/\" title=\"News\"><div class=\"home_title\" style=\"text-decoration: none;\">News<\/div><\/a><div class=\"subnav\"><h3 class=\"text-center\">News<\/h3><ul><li><a href=\"https:\/\/vuongthanhgroup.com.vn\/en\/category\/news\/new-product\/\">New Product<\/a><\/li><li><a href=\"https:\/\/vuongthanhgroup.com.vn\/en\/category\/news\/wood-industry\/\">Wood Industry<\/a><\/li><li><a href=\"https:\/\/vuongthanhgroup.com.vn\/en\/category\/news\/recruitment\/\">Recruitment<\/a><\/li><\/ul><\/div> <\/div>\n\t\t<\/div>\n\t\t\t\t\t<\/div>\n\n\t\n<\/div>\n\n\t<section class=\"section sec_hvideo\" id=\"section_1664096886\">\n\t\t<div class=\"section-bg fill\" >\n\t\t\t\t\t\t\t\t\t\n\t\t\t\n\n\t\t<\/div>\n\n\t\t\n\n\t\t<div class=\"section-content relative\">\n\t\t\t\r\n\r\n<div class=\"row row_hvideo\"  id=\"row-1113594215\">\r\n\r\n\n\t<div id=\"col-76561394\" class=\"col medium-6 small-12 large-6\"  >\n\t\t\t\t<div class=\"col-inner\"  >\n\t\t\t\n\t\t\t\r\n\r\n<div class=\"video video-fit mb\" style=\"padding-top:56.25%;\"><p><iframe loading=\"lazy\" title=\"Most beautiful drone videos ever filmed 2015  \u2013 Our planet is amazing\" width=\"1020\" height=\"574\" src=\"https:\/\/www.youtube.com\/embed\/AoPiLg8DZ3A?feature=oembed\" frameborder=\"0\" allow=\"accelerometer; autoplay; clipboard-write; encrypted-media; gyroscope; picture-in-picture\" allowfullscreen><\/iframe><\/p>\n<\/div>\r\n\r\n\t\t<\/div>\n\t\t\t\t\t<\/div>\n\n\t\r\n\n\t<div id=\"col-86064247\" class=\"col medium-6 small-12 large-6\"  >\n\t\t\t\t<div class=\"col-inner\"  >\n\t\t\t\n\t\t\t\r\n\r\n<div class=\"video video-fit mb\" style=\"padding-top:56.25%;\"><p><iframe loading=\"lazy\" title=\"Most beautiful drone videos ever filmed 2015  \u2013 Our planet is amazing\" width=\"1020\" height=\"574\" src=\"https:\/\/www.youtube.com\/embed\/AoPiLg8DZ3A?feature=oembed\" frameborder=\"0\" allow=\"accelerometer; autoplay; clipboard-write; encrypted-media; gyroscope; picture-in-picture\" allowfullscreen><\/iframe><\/p>\n<\/div>\r\n\r\n\t\t<\/div>\n\t\t\t\t\t<\/div>\n\n\t\r\n\n\t<div id=\"col-1136235127\" class=\"col medium-6 small-12 large-6\"  >\n\t\t\t\t<div class=\"col-inner\"  >\n\t\t\t\n\t\t\t\r\n\r\n<div class=\"video video-fit mb\" style=\"padding-top:56.25%;\"><p><iframe loading=\"lazy\" title=\"Most beautiful drone videos ever filmed 2015  \u2013 Our planet is amazing\" width=\"1020\" height=\"574\" src=\"https:\/\/www.youtube.com\/embed\/AoPiLg8DZ3A?feature=oembed\" frameborder=\"0\" allow=\"accelerometer; autoplay; clipboard-write; encrypted-media; gyroscope; picture-in-picture\" allowfullscreen><\/iframe><\/p>\n<\/div>\r\n\r\n\t\t<\/div>\n\t\t\t\t\t<\/div>\n\n\t\r\n\n\t<div id=\"col-1507423076\" class=\"col medium-6 small-12 large-6\"  >\n\t\t\t\t<div class=\"col-inner\"  >\n\t\t\t\n\t\t\t\r\n\r\n<div class=\"video video-fit mb\" style=\"padding-top:56.25%;\"><p><iframe loading=\"lazy\" title=\"Most beautiful drone videos ever filmed 2015  \u2013 Our planet is amazing\" width=\"1020\" height=\"574\" src=\"https:\/\/www.youtube.com\/embed\/AoPiLg8DZ3A?feature=oembed\" frameborder=\"0\" allow=\"accelerometer; autoplay; clipboard-write; encrypted-media; gyroscope; picture-in-picture\" allowfullscreen><\/iframe><\/p>\n<\/div>\r\n\r\n\t\t<\/div>\n\t\t\t\t\t<\/div>\n\n\t\r\n\r\n<\/div>\r\n\r\n\t\t<\/div>\n\n\t\t\n<style>\n#section_1664096886 {\n  padding-top: 50px;\n  padding-bottom: 50px;\n}\n<\/style>\n\t<\/section>\n\t\n","protected":false},"excerpt":{"rendered":"","protected":false},"author":1,"featured_media":0,"parent":0,"menu_order":1,"comment_status":"closed","ping_status":"closed","template":"page-home.php","meta":{"footnotes":""},"class_list":["post-648","page","type-page","status-publish","hentry"],"acf":[],"yoast_head":"<!-- This site is optimized with the Yoast SEO plugin v21.5 - https:\/\/yoast.com\/wordpress\/plugins\/seo\/ -->\n<title>V\u00e1n MFC, Nh\u1ef1a ph\u1ee7 melamine, V\u00e1n gh\u00e9p thanh ph\u1ee7 melamine, V\u00e1n g\u1ed7 c\u00f4ng nghi\u1ec7p<\/title>\n<meta name=\"description\" content=\"V\u00e1n g\u1ed7 c\u00f4ng nghi\u1ec7p... V\u00e1n ph\u1ee7 Laminate, Melamin, Veneer,... C\u1ed1t v\u00e1n th\u00f4 (MDF, HMR xanh ch\u1ed1ng \u1ea9m, HDF, G\u1ed7 nh\u1ef1a PVC, Formex,V\u00e1n \u00e9p, OKAL,... \u0110\u1ecba ch\u1ec9: S\u1ed1 28 Gamuda City, Ho\u00e0ng Mai, H\u00e0 N\u1ed9i...\" \/>\n<meta name=\"robots\" content=\"index, follow, max-snippet:-1, max-image-preview:large, max-video-preview:-1\" \/>\n<link rel=\"canonical\" href=\"https:\/\/vuongthanhgroup.com.vn\/en\/https-vuongthanhgroup-com-vn\/\" \/>\n<meta property=\"og:locale\" content=\"en_US\" \/>\n<meta property=\"og:type\" content=\"article\" \/>\n<meta property=\"og:title\" content=\"V\u00e1n MFC, Nh\u1ef1a ph\u1ee7 melamine, V\u00e1n gh\u00e9p thanh ph\u1ee7 melamine, V\u00e1n g\u1ed7 c\u00f4ng nghi\u1ec7p\" \/>\n<meta property=\"og:description\" content=\"V\u00e1n g\u1ed7 c\u00f4ng nghi\u1ec7p... V\u00e1n ph\u1ee7 Laminate, Melamin, Veneer,... C\u1ed1t v\u00e1n th\u00f4 (MDF, HMR xanh ch\u1ed1ng \u1ea9m, HDF, G\u1ed7 nh\u1ef1a PVC, Formex,V\u00e1n \u00e9p, OKAL,... \u0110\u1ecba ch\u1ec9: S\u1ed1 28 Gamuda City, Ho\u00e0ng Mai, H\u00e0 N\u1ed9i...\" \/>\n<meta property=\"og:url\" content=\"https:\/\/vuongthanhgroup.com.vn\/en\/https-vuongthanhgroup-com-vn\/\" \/>\n<meta property=\"og:site_name\" content=\"V\u01b0\u01a1ng Thanh Group\" \/>\n<meta property=\"article:publisher\" content=\"https:\/\/www.facebook.com\/Linh.gocongnghiep.Vuong.Thanh\" \/>\n<meta property=\"article:modified_time\" content=\"2023-08-16T04:58:43+00:00\" \/>\n<meta name=\"twitter:card\" content=\"summary_large_image\" \/>\n<script type=\"application\/ld+json\" class=\"yoast-schema-graph\">{\"@context\":\"https:\/\/schema.org\",\"@graph\":[{\"@type\":\"WebPage\",\"@id\":\"https:\/\/vuongthanhgroup.com.vn\/en\/https-vuongthanhgroup-com-vn\/\",\"url\":\"https:\/\/vuongthanhgroup.com.vn\/en\/https-vuongthanhgroup-com-vn\/\",\"name\":\"V\u00e1n MFC, Nh\u1ef1a ph\u1ee7 melamine, V\u00e1n gh\u00e9p thanh ph\u1ee7 melamine, V\u00e1n g\u1ed7 c\u00f4ng nghi\u1ec7p\",\"isPartOf\":{\"@id\":\"https:\/\/vuongthanhgroup.com.vn\/#website\"},\"datePublished\":\"2018-05-09T08:20:37+00:00\",\"dateModified\":\"2023-08-16T04:58:43+00:00\",\"description\":\"V\u00e1n g\u1ed7 c\u00f4ng nghi\u1ec7p... V\u00e1n ph\u1ee7 Laminate, Melamin, Veneer,... C\u1ed1t v\u00e1n th\u00f4 (MDF, HMR xanh ch\u1ed1ng \u1ea9m, HDF, G\u1ed7 nh\u1ef1a PVC, Formex,V\u00e1n \u00e9p, OKAL,... \u0110\u1ecba ch\u1ec9: S\u1ed1 28 Gamuda City, Ho\u00e0ng Mai, H\u00e0 N\u1ed9i...\",\"breadcrumb\":{\"@id\":\"https:\/\/vuongthanhgroup.com.vn\/en\/https-vuongthanhgroup-com-vn\/#breadcrumb\"},\"inLanguage\":\"en-US\",\"potentialAction\":[{\"@type\":\"ReadAction\",\"target\":[\"https:\/\/vuongthanhgroup.com.vn\/en\/https-vuongthanhgroup-com-vn\/\"]}]},{\"@type\":\"BreadcrumbList\",\"@id\":\"https:\/\/vuongthanhgroup.com.vn\/en\/https-vuongthanhgroup-com-vn\/#breadcrumb\",\"itemListElement\":[{\"@type\":\"ListItem\",\"position\":1,\"name\":\"Home\",\"item\":\"https:\/\/vuongthanhgroup.com.vn\/\"},{\"@type\":\"ListItem\",\"position\":2,\"name\":\"Vuong Thanh\"}]},{\"@type\":\"WebSite\",\"@id\":\"https:\/\/vuongthanhgroup.com.vn\/#website\",\"url\":\"https:\/\/vuongthanhgroup.com.vn\/\",\"name\":\"V\u01b0\u01a1ng Thanh Group\",\"description\":\"VUONGTHANHGROUP.COM.VN\",\"publisher\":{\"@id\":\"https:\/\/vuongthanhgroup.com.vn\/#organization\"},\"potentialAction\":[{\"@type\":\"SearchAction\",\"target\":{\"@type\":\"EntryPoint\",\"urlTemplate\":\"https:\/\/vuongthanhgroup.com.vn\/?s={search_term_string}\"},\"query-input\":\"required name=search_term_string\"}],\"inLanguage\":\"en-US\"},{\"@type\":\"Organization\",\"@id\":\"https:\/\/vuongthanhgroup.com.vn\/#organization\",\"name\":\"V\u01b0\u01a1ng Thanh Group\",\"url\":\"https:\/\/vuongthanhgroup.com.vn\/\",\"logo\":{\"@type\":\"ImageObject\",\"inLanguage\":\"en-US\",\"@id\":\"https:\/\/vuongthanhgroup.com.vn\/#\/schema\/logo\/image\/\",\"url\":\"\",\"contentUrl\":\"\",\"caption\":\"V\u01b0\u01a1ng Thanh Group\"},\"image\":{\"@id\":\"https:\/\/vuongthanhgroup.com.vn\/#\/schema\/logo\/image\/\"},\"sameAs\":[\"https:\/\/www.facebook.com\/Linh.gocongnghiep.Vuong.Thanh\"]}]}<\/script>\n<!-- \/ Yoast SEO plugin. -->","yoast_head_json":{"title":"V\u00e1n MFC, Nh\u1ef1a ph\u1ee7 melamine, V\u00e1n gh\u00e9p thanh ph\u1ee7 melamine, V\u00e1n g\u1ed7 c\u00f4ng nghi\u1ec7p","description":"V\u00e1n g\u1ed7 c\u00f4ng nghi\u1ec7p... V\u00e1n ph\u1ee7 Laminate, Melamin, Veneer,... C\u1ed1t v\u00e1n th\u00f4 (MDF, HMR xanh ch\u1ed1ng \u1ea9m, HDF, G\u1ed7 nh\u1ef1a PVC, Formex,V\u00e1n \u00e9p, OKAL,... \u0110\u1ecba ch\u1ec9: S\u1ed1 28 Gamuda City, Ho\u00e0ng Mai, H\u00e0 N\u1ed9i...","robots":{"index":"index","follow":"follow","max-snippet":"max-snippet:-1","max-image-preview":"max-image-preview:large","max-video-preview":"max-video-preview:-1"},"canonical":"https:\/\/vuongthanhgroup.com.vn\/en\/https-vuongthanhgroup-com-vn\/","og_locale":"en_US","og_type":"article","og_title":"V\u00e1n MFC, Nh\u1ef1a ph\u1ee7 melamine, V\u00e1n gh\u00e9p thanh ph\u1ee7 melamine, V\u00e1n g\u1ed7 c\u00f4ng nghi\u1ec7p","og_description":"V\u00e1n g\u1ed7 c\u00f4ng nghi\u1ec7p... V\u00e1n ph\u1ee7 Laminate, Melamin, Veneer,... C\u1ed1t v\u00e1n th\u00f4 (MDF, HMR xanh ch\u1ed1ng \u1ea9m, HDF, G\u1ed7 nh\u1ef1a PVC, Formex,V\u00e1n \u00e9p, OKAL,... \u0110\u1ecba ch\u1ec9: S\u1ed1 28 Gamuda City, Ho\u00e0ng Mai, H\u00e0 N\u1ed9i...","og_url":"https:\/\/vuongthanhgroup.com.vn\/en\/https-vuongthanhgroup-com-vn\/","og_site_name":"V\u01b0\u01a1ng Thanh Group","article_publisher":"https:\/\/www.facebook.com\/Linh.gocongnghiep.Vuong.Thanh","article_modified_time":"2023-08-16T04:58:43+00:00","twitter_card":"summary_large_image","schema":{"@context":"https:\/\/schema.org","@graph":[{"@type":"WebPage","@id":"https:\/\/vuongthanhgroup.com.vn\/en\/https-vuongthanhgroup-com-vn\/","url":"https:\/\/vuongthanhgroup.com.vn\/en\/https-vuongthanhgroup-com-vn\/","name":"V\u00e1n MFC, Nh\u1ef1a ph\u1ee7 melamine, V\u00e1n gh\u00e9p thanh ph\u1ee7 melamine, V\u00e1n g\u1ed7 c\u00f4ng nghi\u1ec7p","isPartOf":{"@id":"https:\/\/vuongthanhgroup.com.vn\/#website"},"datePublished":"2018-05-09T08:20:37+00:00","dateModified":"2023-08-16T04:58:43+00:00","description":"V\u00e1n g\u1ed7 c\u00f4ng nghi\u1ec7p... V\u00e1n ph\u1ee7 Laminate, Melamin, Veneer,... C\u1ed1t v\u00e1n th\u00f4 (MDF, HMR xanh ch\u1ed1ng \u1ea9m, HDF, G\u1ed7 nh\u1ef1a PVC, Formex,V\u00e1n \u00e9p, OKAL,... \u0110\u1ecba ch\u1ec9: S\u1ed1 28 Gamuda City, Ho\u00e0ng Mai, H\u00e0 N\u1ed9i...","breadcrumb":{"@id":"https:\/\/vuongthanhgroup.com.vn\/en\/https-vuongthanhgroup-com-vn\/#breadcrumb"},"inLanguage":"en-US","potentialAction":[{"@type":"ReadAction","target":["https:\/\/vuongthanhgroup.com.vn\/en\/https-vuongthanhgroup-com-vn\/"]}]},{"@type":"BreadcrumbList","@id":"https:\/\/vuongthanhgroup.com.vn\/en\/https-vuongthanhgroup-com-vn\/#breadcrumb","itemListElement":[{"@type":"ListItem","position":1,"name":"Home","item":"https:\/\/vuongthanhgroup.com.vn\/"},{"@type":"ListItem","position":2,"name":"Vuong Thanh"}]},{"@type":"WebSite","@id":"https:\/\/vuongthanhgroup.com.vn\/#website","url":"https:\/\/vuongthanhgroup.com.vn\/","name":"V\u01b0\u01a1ng Thanh Group","description":"VUONGTHANHGROUP.COM.VN","publisher":{"@id":"https:\/\/vuongthanhgroup.com.vn\/#organization"},"potentialAction":[{"@type":"SearchAction","target":{"@type":"EntryPoint","urlTemplate":"https:\/\/vuongthanhgroup.com.vn\/?s={search_term_string}"},"query-input":"required name=search_term_string"}],"inLanguage":"en-US"},{"@type":"Organization","@id":"https:\/\/vuongthanhgroup.com.vn\/#organization","name":"V\u01b0\u01a1ng Thanh Group","url":"https:\/\/vuongthanhgroup.com.vn\/","logo":{"@type":"ImageObject","inLanguage":"en-US","@id":"https:\/\/vuongthanhgroup.com.vn\/#\/schema\/logo\/image\/","url":"","contentUrl":"","caption":"V\u01b0\u01a1ng Thanh Group"},"image":{"@id":"https:\/\/vuongthanhgroup.com.vn\/#\/schema\/logo\/image\/"},"sameAs":["https:\/\/www.facebook.com\/Linh.gocongnghiep.Vuong.Thanh"]}]}},"_links":{"self":[{"href":"https:\/\/vuongthanhgroup.com.vn\/en\/wp-json\/wp\/v2\/pages\/648","targetHints":{"allow":["GET"]}}],"collection":[{"href":"https:\/\/vuongthanhgroup.com.vn\/en\/wp-json\/wp\/v2\/pages"}],"about":[{"href":"https:\/\/vuongthanhgroup.com.vn\/en\/wp-json\/wp\/v2\/types\/page"}],"author":[{"embeddable":true,"href":"https:\/\/vuongthanhgroup.com.vn\/en\/wp-json\/wp\/v2\/users\/1"}],"replies":[{"embeddable":true,"href":"https:\/\/vuongthanhgroup.com.vn\/en\/wp-json\/wp\/v2\/comments?post=648"}],"version-history":[{"count":0,"href":"https:\/\/vuongthanhgroup.com.vn\/en\/wp-json\/wp\/v2\/pages\/648\/revisions"}],"wp:attachment":[{"href":"https:\/\/vuongthanhgroup.com.vn\/en\/wp-json\/wp\/v2\/media?parent=648"}],"curies":[{"name":"wp","href":"https:\/\/api.w.org\/{rel}","templated":true}]}}